{"id":1282,"date":"2018-10-02T14:37:48","date_gmt":"2018-10-02T12:37:48","guid":{"rendered":"http:\/\/horgaszcamping.hu\/?page_id=1282"},"modified":"2018-10-02T14:38:39","modified_gmt":"2018-10-02T12:38:39","slug":"thank-you-for-contacting-us","status":"publish","type":"page","link":"https:\/\/horgaszcamping.hu\/en\/thank-you-for-contacting-us\/","title":{"rendered":"Thank you for contacting us"},"content":{"rendered":"<p>[et_pb_section fb_built=&#8221;1&#8243; _builder_version=&#8221;3.5.1&#8243; custom_margin=&#8221;0px|||&#8221; custom_padding=&#8221;0px|||&#8221;][et_pb_row _builder_version=&#8221;3.0.47&#8243; background_size=&#8221;initial&#8221; background_position=&#8221;top_left&#8221; background_repeat=&#8221;repeat&#8221;][et_pb_column type=&#8221;4_4&#8243; _builder_version=&#8221;3.0.47&#8243; parallax=&#8221;off&#8221; parallax_method=&#8221;on&#8221;][et_pb_text _builder_version=&#8221;3.15&#8243; text_font=&#8221;||||||||&#8221; text_orientation=&#8221;center&#8221;]<\/p>\n<h1>Thank you for contacting us!<\/h1>\n<p>We received your letter and we will respond soon.<\/p>\n<p>[\/et_pb_text][et_pb_image src=&#8221;https:\/\/horgaszcamping.hu\/wp-content\/uploads\/2018\/06\/check_mark_u2713_icon_256x256.png&#8221; align=&#8221;center&#8221; _builder_version=&#8221;3.5.1&#8243; custom_margin=&#8221;-30px|||&#8221;][\/et_pb_image][et_pb_button button_url=&#8221;https:\/\/horgaszcamping.hu\/en&#8221; button_text=&#8221;Back to main page&#8221; button_alignment=&#8221;center&#8221; _builder_version=&#8221;3.15&#8243; custom_button=&#8221;on&#8221; button_text_color=&#8221;#000000&#8243; button_font=&#8221;||||||||&#8221; button_use_icon=&#8221;off&#8221; button_text_color_hover=&#8221;#f9faf5&#8243; button_bg_color_hover=&#8221;#000000&#8243; custom_margin=&#8221;-30px|||&#8221; custom_padding=&#8221;|||&#8221;][\/et_pb_button][\/et_pb_column][\/et_pb_row][\/et_pb_section]<\/p>\n","protected":false},"excerpt":{"rendered":"<p>Thank you for contacting us! We received your letter and we will respond soon.<\/p>\n","protected":false},"author":1,"featured_media":0,"parent":0,"menu_order":0,"comment_status":"closed","ping_status":"closed","template":"","meta":{"_et_pb_use_builder":"on","_et_pb_old_content":"","_et_gb_content_width":"","footnotes":""},"class_list":["post-1282","page","type-page","status-publish","hentry"],"yoast_head":"<!-- This site is optimized with the Yoast SEO plugin v24.7 - https:\/\/yoast.com\/wordpress\/plugins\/seo\/ -->\n<title>Thank you for contacting us &#8211; Horg\u00e1sz \u00e9s Csal\u00e1di Camping \u2013 Panzi\u00f3, \u00c9tterem<\/title>\n<meta name=\"robots\" content=\"index, follow, max-snippet:-1, max-image-preview:large, max-video-preview:-1\" \/>\n<link rel=\"canonical\" href=\"https:\/\/horgaszcamping.hu\/sikeres-kapcsolatfelvetel\/\" \/>\n<meta property=\"og:locale\" content=\"en_US\" \/>\n<meta property=\"og:type\" content=\"article\" \/>\n<meta property=\"og:title\" content=\"Thank you for contacting us &#8211; Horg\u00e1sz \u00e9s Csal\u00e1di Camping \u2013 Panzi\u00f3, \u00c9tterem\" \/>\n<meta property=\"og:description\" content=\"Thank you for contacting us! We received your letter and we will respond soon.\" \/>\n<meta property=\"og:url\" content=\"https:\/\/horgaszcamping.hu\/sikeres-kapcsolatfelvetel\/\" \/>\n<meta property=\"og:site_name\" content=\"Horg\u00e1sz \u00e9s Csal\u00e1di Camping \u2013 Panzi\u00f3, \u00c9tterem\" \/>\n<meta property=\"article:modified_time\" content=\"2018-10-02T12:38:39+00:00\" \/>\n<meta property=\"og:image\" content=\"https:\/\/horgaszcamping.hu\/wp-content\/uploads\/2018\/06\/facebook-horgaszcamping.png\" \/>\n\t<meta property=\"og:image:width\" content=\"1200\" \/>\n\t<meta property=\"og:image:height\" content=\"628\" \/>\n\t<meta property=\"og:image:type\" content=\"image\/png\" \/>\n<meta name=\"twitter:card\" content=\"summary_large_image\" \/>\n<meta name=\"twitter:label1\" content=\"Est. reading time\" \/>\n\t<meta name=\"twitter:data1\" content=\"1 minute\" \/>\n<script type=\"application\/ld+json\" class=\"yoast-schema-graph\">{\"@context\":\"https:\/\/schema.org\",\"@graph\":[{\"@type\":\"WebPage\",\"@id\":\"https:\/\/horgaszcamping.hu\/sikeres-kapcsolatfelvetel\/\",\"url\":\"https:\/\/horgaszcamping.hu\/sikeres-kapcsolatfelvetel\/\",\"name\":\"Thank you for contacting us &#8211; Horg\u00e1sz \u00e9s Csal\u00e1di Camping \u2013 Panzi\u00f3, \u00c9tterem\",\"isPartOf\":{\"@id\":\"https:\/\/horgaszcamping.hu\/#website\"},\"datePublished\":\"2018-10-02T12:37:48+00:00\",\"dateModified\":\"2018-10-02T12:38:39+00:00\",\"breadcrumb\":{\"@id\":\"https:\/\/horgaszcamping.hu\/sikeres-kapcsolatfelvetel\/#breadcrumb\"},\"inLanguage\":\"en-US\",\"potentialAction\":[{\"@type\":\"ReadAction\",\"target\":[\"https:\/\/horgaszcamping.hu\/sikeres-kapcsolatfelvetel\/\"]}]},{\"@type\":\"BreadcrumbList\",\"@id\":\"https:\/\/horgaszcamping.hu\/sikeres-kapcsolatfelvetel\/#breadcrumb\",\"itemListElement\":[{\"@type\":\"ListItem\",\"position\":1,\"name\":\"Home\",\"item\":\"https:\/\/horgaszcamping.hu\/en\/\"},{\"@type\":\"ListItem\",\"position\":2,\"name\":\"Thank you for contacting us\"}]},{\"@type\":\"WebSite\",\"@id\":\"https:\/\/horgaszcamping.hu\/#website\",\"url\":\"https:\/\/horgaszcamping.hu\/\",\"name\":\"Horg\u00e1sz \u00e9s Csal\u00e1di Camping \u2013 Panzi\u00f3, \u00c9tterem\",\"description\":\"\",\"publisher\":{\"@id\":\"https:\/\/horgaszcamping.hu\/#organization\"},\"potentialAction\":[{\"@type\":\"SearchAction\",\"target\":{\"@type\":\"EntryPoint\",\"urlTemplate\":\"https:\/\/horgaszcamping.hu\/?s={search_term_string}\"},\"query-input\":{\"@type\":\"PropertyValueSpecification\",\"valueRequired\":true,\"valueName\":\"search_term_string\"}}],\"inLanguage\":\"en-US\"},{\"@type\":\"Organization\",\"@id\":\"https:\/\/horgaszcamping.hu\/#organization\",\"name\":\"Horg\u00e1sz \u00e9s Csal\u00e1di Camping \u2013 Panzi\u00f3, \u00c9tterem\",\"url\":\"https:\/\/horgaszcamping.hu\/\",\"logo\":{\"@type\":\"ImageObject\",\"inLanguage\":\"en-US\",\"@id\":\"https:\/\/horgaszcamping.hu\/#\/schema\/logo\/image\/\",\"url\":\"https:\/\/horgaszcamping.hu\/wp-content\/uploads\/2018\/06\/horgasz-camping-tiszafured-logo.png\",\"contentUrl\":\"https:\/\/horgaszcamping.hu\/wp-content\/uploads\/2018\/06\/horgasz-camping-tiszafured-logo.png\",\"width\":276,\"height\":197,\"caption\":\"Horg\u00e1sz \u00e9s Csal\u00e1di Camping \u2013 Panzi\u00f3, \u00c9tterem\"},\"image\":{\"@id\":\"https:\/\/horgaszcamping.hu\/#\/schema\/logo\/image\/\"}}]}<\/script>\n<!-- \/ Yoast SEO plugin. -->","yoast_head_json":{"title":"Thank you for contacting us &#8211; Horg\u00e1sz \u00e9s Csal\u00e1di Camping \u2013 Panzi\u00f3, \u00c9tterem","robots":{"index":"index","follow":"follow","max-snippet":"max-snippet:-1","max-image-preview":"max-image-preview:large","max-video-preview":"max-video-preview:-1"},"canonical":"https:\/\/horgaszcamping.hu\/sikeres-kapcsolatfelvetel\/","og_locale":"en_US","og_type":"article","og_title":"Thank you for contacting us &#8211; Horg\u00e1sz \u00e9s Csal\u00e1di Camping \u2013 Panzi\u00f3, \u00c9tterem","og_description":"Thank you for contacting us! We received your letter and we will respond soon.","og_url":"https:\/\/horgaszcamping.hu\/sikeres-kapcsolatfelvetel\/","og_site_name":"Horg\u00e1sz \u00e9s Csal\u00e1di Camping \u2013 Panzi\u00f3, \u00c9tterem","article_modified_time":"2018-10-02T12:38:39+00:00","og_image":[{"width":1200,"height":628,"url":"https:\/\/horgaszcamping.hu\/wp-content\/uploads\/2018\/06\/facebook-horgaszcamping.png","type":"image\/png"}],"twitter_card":"summary_large_image","twitter_misc":{"Est. reading time":"1 minute"},"schema":{"@context":"https:\/\/schema.org","@graph":[{"@type":"WebPage","@id":"https:\/\/horgaszcamping.hu\/sikeres-kapcsolatfelvetel\/","url":"https:\/\/horgaszcamping.hu\/sikeres-kapcsolatfelvetel\/","name":"Thank you for contacting us &#8211; Horg\u00e1sz \u00e9s Csal\u00e1di Camping \u2013 Panzi\u00f3, \u00c9tterem","isPartOf":{"@id":"https:\/\/horgaszcamping.hu\/#website"},"datePublished":"2018-10-02T12:37:48+00:00","dateModified":"2018-10-02T12:38:39+00:00","breadcrumb":{"@id":"https:\/\/horgaszcamping.hu\/sikeres-kapcsolatfelvetel\/#breadcrumb"},"inLanguage":"en-US","potentialAction":[{"@type":"ReadAction","target":["https:\/\/horgaszcamping.hu\/sikeres-kapcsolatfelvetel\/"]}]},{"@type":"BreadcrumbList","@id":"https:\/\/horgaszcamping.hu\/sikeres-kapcsolatfelvetel\/#breadcrumb","itemListElement":[{"@type":"ListItem","position":1,"name":"Home","item":"https:\/\/horgaszcamping.hu\/en\/"},{"@type":"ListItem","position":2,"name":"Thank you for contacting us"}]},{"@type":"WebSite","@id":"https:\/\/horgaszcamping.hu\/#website","url":"https:\/\/horgaszcamping.hu\/","name":"Horg\u00e1sz \u00e9s Csal\u00e1di Camping \u2013 Panzi\u00f3, \u00c9tterem","description":"","publisher":{"@id":"https:\/\/horgaszcamping.hu\/#organization"},"potentialAction":[{"@type":"SearchAction","target":{"@type":"EntryPoint","urlTemplate":"https:\/\/horgaszcamping.hu\/?s={search_term_string}"},"query-input":{"@type":"PropertyValueSpecification","valueRequired":true,"valueName":"search_term_string"}}],"inLanguage":"en-US"},{"@type":"Organization","@id":"https:\/\/horgaszcamping.hu\/#organization","name":"Horg\u00e1sz \u00e9s Csal\u00e1di Camping \u2013 Panzi\u00f3, \u00c9tterem","url":"https:\/\/horgaszcamping.hu\/","logo":{"@type":"ImageObject","inLanguage":"en-US","@id":"https:\/\/horgaszcamping.hu\/#\/schema\/logo\/image\/","url":"https:\/\/horgaszcamping.hu\/wp-content\/uploads\/2018\/06\/horgasz-camping-tiszafured-logo.png","contentUrl":"https:\/\/horgaszcamping.hu\/wp-content\/uploads\/2018\/06\/horgasz-camping-tiszafured-logo.png","width":276,"height":197,"caption":"Horg\u00e1sz \u00e9s Csal\u00e1di Camping \u2013 Panzi\u00f3, \u00c9tterem"},"image":{"@id":"https:\/\/horgaszcamping.hu\/#\/schema\/logo\/image\/"}}]}},"_links":{"self":[{"href":"https:\/\/horgaszcamping.hu\/en\/wp-json\/wp\/v2\/pages\/1282","targetHints":{"allow":["GET"]}}],"collection":[{"href":"https:\/\/horgaszcamping.hu\/en\/wp-json\/wp\/v2\/pages"}],"about":[{"href":"https:\/\/horgaszcamping.hu\/en\/wp-json\/wp\/v2\/types\/page"}],"author":[{"embeddable":true,"href":"https:\/\/horgaszcamping.hu\/en\/wp-json\/wp\/v2\/users\/1"}],"replies":[{"embeddable":true,"href":"https:\/\/horgaszcamping.hu\/en\/wp-json\/wp\/v2\/comments?post=1282"}],"version-history":[{"count":0,"href":"https:\/\/horgaszcamping.hu\/en\/wp-json\/wp\/v2\/pages\/1282\/revisions"}],"wp:attachment":[{"href":"https:\/\/horgaszcamping.hu\/en\/wp-json\/wp\/v2\/media?parent=1282"}],"curies":[{"name":"wp","href":"https:\/\/api.w.org\/{rel}","templated":true}]}}